{"id":17,"date":"2014-12-10T16:49:04","date_gmt":"2014-12-10T15:49:04","guid":{"rendered":"http:\/\/www.pekarstvi-boucek.cz\/?page_id=17"},"modified":"2019-01-14T14:44:55","modified_gmt":"2019-01-14T13:44:55","slug":"prodejna","status":"publish","type":"page","link":"https:\/\/www.pekarstvi-boucek.cz\/?page_id=17","title":{"rendered":"Prodejna"},"content":{"rendered":"<p>Vlastn\u00ed prodejna je na adrese firmy v Hradci Kr\u00e1lov\u00e9 4 \u2013 Kuklen\u00e1ch, Pra\u017esk\u00e1 ulice \u010d. p. 3.<\/p>\n<p>Krom\u011b nab\u00eddky vlastn\u00edch v\u00fdrobk\u016f v pln\u00e9m rozsahu je nab\u00edzen ucelen\u00fd sortiment z\u00e1kladn\u00edch potravin, v\u010detn\u011b lah\u016fdek, uzeniny, s\u00fdr\u016f, n\u00e1poj\u016f, cigaret atd.<\/p>\n<p>Z\u00e1kazn\u00edci mohou uspokojit sv\u00e9 pot\u0159eby v pln\u00e9m rozsahu.<\/p>\n<p>Roz\u0161\u00ed\u0159enou klientelou jsou i mimohrade\u010dt\u00ed, kte\u0159\u00ed se \u010dasto zastavuj\u00ed pravideln\u011b\u00a0na n\u00e1kupy, pokud proj\u00ed\u017ed\u011bj\u00ed Hradcem Kr\u00e1lov\u00e9.<\/p>\n<p>Obchod je otev\u0159en od pond\u011bl\u00ed do soboty, ned\u011ble a sv\u00e1tky je zav\u0159eno.<\/p>\n<p>Prodejn\u00ed doba ve v\u0161edn\u00ed dny je od\u00a06:30 do 17 hodin. V sobotu je otev\u0159eno od\u00a06:30 do 10 hodin.<\/p>\n<p><img loading=\"lazy\" decoding=\"async\" class=\"alignnone size-medium wp-image-46\" src=\"http:\/\/www.pekarstvi-boucek.cz\/wp-content\/uploads\/2014\/12\/prodejna-300x225.jpg\" alt=\"prodejna\" width=\"300\" height=\"225\" srcset=\"https:\/\/www.pekarstvi-boucek.cz\/wp-content\/uploads\/2014\/12\/prodejna-300x225.jpg 300w, https:\/\/www.pekarstvi-boucek.cz\/wp-content\/uploads\/2014\/12\/prodejna.jpg 500w\" sizes=\"auto, (max-width: 300px) 100vw, 300px\" \/><\/p>\n","protected":false},"excerpt":{"rendered":"<p>Vlastn\u00ed prodejna je na adrese firmy v Hradci Kr\u00e1lov\u00e9 4 \u2013 Kuklen\u00e1ch, Pra\u017esk\u00e1 ulice \u010d. p. 3. Krom\u011b nab\u00eddky vlastn\u00edch v\u00fdrobk\u016f v pln\u00e9m rozsahu je nab\u00edzen ucelen\u00fd sortiment z\u00e1kladn\u00edch potravin, v\u010detn\u011b lah\u016fdek, uzeniny, s\u00fdr\u016f, n\u00e1poj\u016f, cigaret atd. Z\u00e1kazn\u00edci mohou uspokojit sv\u00e9 pot\u0159eby v pln\u00e9m rozsahu. Roz\u0161\u00ed\u0159enou klientelou jsou i mimohrade\u010dt\u00ed, kte\u0159\u00ed se \u010dasto zastavuj\u00ed pravideln\u011b\u00a0na [&hellip;]<\/p>\n","protected":false},"author":1,"featured_media":0,"parent":0,"menu_order":0,"comment_status":"closed","ping_status":"closed","template":"","meta":{"footnotes":""},"class_list":["post-17","page","type-page","status-publish","hentry"],"_links":{"self":[{"href":"https:\/\/www.pekarstvi-boucek.cz\/index.php?rest_route=\/wp\/v2\/pages\/17","targetHints":{"allow":["GET"]}}],"collection":[{"href":"https:\/\/www.pekarstvi-boucek.cz\/index.php?rest_route=\/wp\/v2\/pages"}],"about":[{"href":"https:\/\/www.pekarstvi-boucek.cz\/index.php?rest_route=\/wp\/v2\/types\/page"}],"author":[{"embeddable":true,"href":"https:\/\/www.pekarstvi-boucek.cz\/index.php?rest_route=\/wp\/v2\/users\/1"}],"replies":[{"embeddable":true,"href":"https:\/\/www.pekarstvi-boucek.cz\/index.php?rest_route=%2Fwp%2Fv2%2Fcomments&post=17"}],"version-history":[{"count":5,"href":"https:\/\/www.pekarstvi-boucek.cz\/index.php?rest_route=\/wp\/v2\/pages\/17\/revisions"}],"predecessor-version":[{"id":58,"href":"https:\/\/www.pekarstvi-boucek.cz\/index.php?rest_route=\/wp\/v2\/pages\/17\/revisions\/58"}],"wp:attachment":[{"href":"https:\/\/www.pekarstvi-boucek.cz\/index.php?rest_route=%2Fwp%2Fv2%2Fmedia&parent=17"}],"curies":[{"name":"wp","href":"https:\/\/api.w.org\/{rel}","templated":true}]}}