{"id":19,"date":"2014-12-10T16:49:36","date_gmt":"2014-12-10T15:49:36","guid":{"rendered":"http:\/\/www.pekarstvi-boucek.cz\/?page_id=19"},"modified":"2014-12-10T17:06:39","modified_gmt":"2014-12-10T16:06:39","slug":"kontakt","status":"publish","type":"page","link":"https:\/\/www.pekarstvi-boucek.cz\/?page_id=19","title":{"rendered":"Kontakt"},"content":{"rendered":"<p><strong>Po\u0161tovn\u00ed adresa:<\/strong> Bou\u010dek s.r.o., peka\u0159stv\u00ed a koloni\u00e1l, Pra\u017esk\u00e1 3, 500 04 Hradec Kr\u00e1lov\u00e9 4 \u2013 Kukleny<\/p>\n<p><strong>Telefon:<\/strong> 495 535 544<\/p>\n<p><strong>Mail:<\/strong> <a href=\"mailto:pekarna.boucek@seznam.cz\">pekarna.boucek@seznam.cz<\/a><\/p>\n<p>N 50 12.352 E 15 47.783<\/p>\n<p><a title=\"Odkaz na mapu\" href=\"https:\/\/www.google.cz\/maps\/@50.2055407,15.7959489,19z?hl=en\">\u00a0Odkaz na mapu<\/a><\/p>\n","protected":false},"excerpt":{"rendered":"<p>Po\u0161tovn\u00ed adresa: Bou\u010dek s.r.o., peka\u0159stv\u00ed a koloni\u00e1l, Pra\u017esk\u00e1 3, 500 04 Hradec Kr\u00e1lov\u00e9 4 \u2013 Kukleny Telefon: 495 535 544 Mail: pekarna.boucek@seznam.cz N 50 12.352 E 15 47.783 \u00a0Odkaz na mapu<\/p>\n","protected":false},"author":1,"featured_media":0,"parent":0,"menu_order":0,"comment_status":"closed","ping_status":"closed","template":"","meta":{"footnotes":""},"class_list":["post-19","page","type-page","status-publish","hentry"],"_links":{"self":[{"href":"https:\/\/www.pekarstvi-boucek.cz\/index.php?rest_route=\/wp\/v2\/pages\/19","targetHints":{"allow":["GET"]}}],"collection":[{"href":"https:\/\/www.pekarstvi-boucek.cz\/index.php?rest_route=\/wp\/v2\/pages"}],"about":[{"href":"https:\/\/www.pekarstvi-boucek.cz\/index.php?rest_route=\/wp\/v2\/types\/page"}],"author":[{"embeddable":true,"href":"https:\/\/www.pekarstvi-boucek.cz\/index.php?rest_route=\/wp\/v2\/users\/1"}],"replies":[{"embeddable":true,"href":"https:\/\/www.pekarstvi-boucek.cz\/index.php?rest_route=%2Fwp%2Fv2%2Fcomments&post=19"}],"version-history":[{"count":3,"href":"https:\/\/www.pekarstvi-boucek.cz\/index.php?rest_route=\/wp\/v2\/pages\/19\/revisions"}],"predecessor-version":[{"id":35,"href":"https:\/\/www.pekarstvi-boucek.cz\/index.php?rest_route=\/wp\/v2\/pages\/19\/revisions\/35"}],"wp:attachment":[{"href":"https:\/\/www.pekarstvi-boucek.cz\/index.php?rest_route=%2Fwp%2Fv2%2Fmedia&parent=19"}],"curies":[{"name":"wp","href":"https:\/\/api.w.org\/{rel}","templated":true}]}}