{"id":2,"date":"2014-12-10T13:00:20","date_gmt":"2014-12-10T13:00:20","guid":{"rendered":"http:\/\/www.pekarstvi-boucek.cz\/?page_id=2"},"modified":"2014-12-10T16:41:14","modified_gmt":"2014-12-10T15:41:14","slug":"sample-page","status":"publish","type":"page","link":"https:\/\/www.pekarstvi-boucek.cz\/?page_id=2","title":{"rendered":"O firm\u011b"},"content":{"rendered":"<p>Firma Bou\u010dek, s.r.o., peka\u0159stv\u00ed a koloni\u00e1l zah\u00e1jila v\u00fdrobu a prodej vlastn\u00edch v\u00fdrobk\u016f v z\u00e1\u0159\u00ed roku 1991.<\/p>\n<p>V\u00fdrobu znovu zavedli potomci pana Bou\u010dka, kte\u0159\u00ed v r\u00e1mci restituce objevili ve zdevastovan\u00e9m objektu 2 ro\u0161tov\u00e9 pece a p\u0159esto\u017ee nikdo nebyl vyu\u010den\u00fdm peka\u0159em, rozhodli se nav\u00e1zat na p\u0159eru\u0161enou rodovou tradici.<\/p>\n<p>Postupn\u011b jak byly finan\u010dn\u00ed mo\u017enosti doch\u00e1zelo k postupn\u00e9 modernizaci peka\u0159sk\u00e9ho za\u0159\u00edzen\u00ed.<\/p>\n<p>Sortiment v\u00fdrobk\u016f vych\u00e1z\u00ed z p\u016fvodn\u00edch tradi\u010dn\u00edch recept\u016f s minim\u00e1ln\u00edm vyu\u017eit\u00edm chemick\u00fdch zlep\u0161uj\u00edc\u00edch prost\u0159edk\u016f.<\/p>\n<p>Krom\u011b v\u00fdrobn\u00ed \u010dinnosti je p\u0159\u00edmo u pek\u00e1rny vlastn\u00ed prodejna, kde krom\u011b pln\u00e9ho sortimentu vlastn\u00edch peka\u0159sk\u00fdch v\u00fdrobk\u016f, je \u0161irok\u00e1 nab\u00eddka koloni\u00e1ln\u00edho zbo\u017e\u00ed, v\u010detn\u011b uzenin, n\u00e1poj\u016f i cigaret.<\/p>\n<p>Provoz peka\u0159stv\u00ed i prodejny krom\u011b rodinn\u00fdch p\u0159\u00edslu\u0161n\u00edk\u016f zaji\u0161\u0165uj\u00ed st\u00e1l\u00ed spolupracovn\u00edci v\u010detn\u011b vlastn\u00edch u\u010d\u0148\u016f.<\/p>\n","protected":false},"excerpt":{"rendered":"<p>Firma Bou\u010dek, s.r.o., peka\u0159stv\u00ed a koloni\u00e1l zah\u00e1jila v\u00fdrobu a prodej vlastn\u00edch v\u00fdrobk\u016f v z\u00e1\u0159\u00ed roku 1991. V\u00fdrobu znovu zavedli potomci pana Bou\u010dka, kte\u0159\u00ed v r\u00e1mci restituce objevili ve zdevastovan\u00e9m objektu 2 ro\u0161tov\u00e9 pece a p\u0159esto\u017ee nikdo nebyl vyu\u010den\u00fdm peka\u0159em, rozhodli se nav\u00e1zat na p\u0159eru\u0161enou rodovou tradici. Postupn\u011b jak byly finan\u010dn\u00ed mo\u017enosti doch\u00e1zelo k postupn\u00e9 modernizaci [&hellip;]<\/p>\n","protected":false},"author":1,"featured_media":0,"parent":0,"menu_order":0,"comment_status":"open","ping_status":"open","template":"","meta":{"footnotes":""},"class_list":["post-2","page","type-page","status-publish","hentry"],"_links":{"self":[{"href":"https:\/\/www.pekarstvi-boucek.cz\/index.php?rest_route=\/wp\/v2\/pages\/2","targetHints":{"allow":["GET"]}}],"collection":[{"href":"https:\/\/www.pekarstvi-boucek.cz\/index.php?rest_route=\/wp\/v2\/pages"}],"about":[{"href":"https:\/\/www.pekarstvi-boucek.cz\/index.php?rest_route=\/wp\/v2\/types\/page"}],"author":[{"embeddable":true,"href":"https:\/\/www.pekarstvi-boucek.cz\/index.php?rest_route=\/wp\/v2\/users\/1"}],"replies":[{"embeddable":true,"href":"https:\/\/www.pekarstvi-boucek.cz\/index.php?rest_route=%2Fwp%2Fv2%2Fcomments&post=2"}],"version-history":[{"count":2,"href":"https:\/\/www.pekarstvi-boucek.cz\/index.php?rest_route=\/wp\/v2\/pages\/2\/revisions"}],"predecessor-version":[{"id":14,"href":"https:\/\/www.pekarstvi-boucek.cz\/index.php?rest_route=\/wp\/v2\/pages\/2\/revisions\/14"}],"wp:attachment":[{"href":"https:\/\/www.pekarstvi-boucek.cz\/index.php?rest_route=%2Fwp%2Fv2%2Fmedia&parent=2"}],"curies":[{"name":"wp","href":"https:\/\/api.w.org\/{rel}","templated":true}]}}